{"id":2686,"date":"2025-01-19T10:50:13","date_gmt":"2025-01-19T10:50:13","guid":{"rendered":"https:\/\/www.miguelmerino.com\/?page_id=2686"},"modified":"2025-01-30T15:25:04","modified_gmt":"2025-01-30T15:25:04","slug":"aviso-legal","status":"publish","type":"page","link":"https:\/\/www.miguelmerino.com\/eng\/aviso-legal\/","title":{"rendered":"Aviso legal"},"content":{"rendered":"<div data-elementor-type=\"wp-page\" data-elementor-id=\"2686\" class=\"elementor elementor-2686\" data-elementor-post-type=\"page\">\n\t\t\t\t\t\t<section class=\"elementor-section elementor-top-section elementor-element elementor-element-9f3438f elementor-section-boxed elementor-section-height-default elementor-section-height-default\" data-id=\"9f3438f\" data-element_type=\"section\" data-e-type=\"section\">\n\t\t\t\t\t\t<div class=\"elementor-container elementor-column-gap-default\">\n\t\t\t\t\t<div class=\"elementor-column elementor-col-100 elementor-top-column elementor-element elementor-element-602f230\" data-id=\"602f230\" data-element_type=\"column\" data-e-type=\"column\">\n\t\t\t<div class=\"elementor-widget-wrap elementor-element-populated\">\n\t\t\t\t\t\t<div class=\"elementor-element elementor-element-f9be89b elementor-widget elementor-widget-heading\" data-id=\"f9be89b\" data-element_type=\"widget\" data-e-type=\"widget\" data-widget_type=\"heading.default\">\n\t\t\t\t<div class=\"elementor-widget-container\">\n\t\t\t\t\t<h2 class=\"elementor-heading-title elementor-size-default\">Aviso legal<\/h2>\t\t\t\t<\/div>\n\t\t\t\t<\/div>\n\t\t\t\t\t<\/div>\n\t\t<\/div>\n\t\t\t\t\t<\/div>\n\t\t<\/section>\n\t\t\t\t<section class=\"elementor-section elementor-top-section elementor-element elementor-element-48e738b elementor-section-boxed elementor-section-height-default elementor-section-height-default\" data-id=\"48e738b\" data-element_type=\"section\" data-e-type=\"section\">\n\t\t\t\t\t\t<div class=\"elementor-container elementor-column-gap-default\">\n\t\t\t\t\t<div class=\"elementor-column elementor-col-100 elementor-top-column elementor-element elementor-element-8fec016\" data-id=\"8fec016\" data-element_type=\"column\" data-e-type=\"column\">\n\t\t\t<div class=\"elementor-widget-wrap elementor-element-populated\">\n\t\t\t\t\t\t<div class=\"elementor-element elementor-element-cb87681 elementor-widget elementor-widget-text-editor\" data-id=\"cb87681\" data-element_type=\"widget\" data-e-type=\"widget\" data-widget_type=\"text-editor.default\">\n\t\t\t\t<div class=\"elementor-widget-container\">\n\t\t\t\t\t\t\t\t\t<p class=\"p1\"><b>1. DATOS IDENTIFICATIVOS<\/b><\/p><p class=\"p1\">En cumplimiento de lo establecido en el art\u00edculo 10 de la Ley 34\/2002, de 11 de julio, de Servicios de la Sociedad de la Informaci\u00f3n y del Comercio Electr\u00f3nico (LSSICE), se pone en conocimiento de los usuarios de esta web los siguientes datos:<\/p><ul class=\"ul1\"><li class=\"li1\"><b>Titular<\/b>: BODEGAS MIGUEL MERINO S.L.<\/li><li class=\"li1\"><b>CIF<\/b>: B26199513<\/li><li class=\"li1\"><b>Domicilio<\/b>: Carretera de Logro\u00f1o 16, C.P. 26330, Briones, La Rioja, Espa\u00f1a.<\/li><li class=\"li1\"><b>Email de contacto<\/b>: info@miguelmerino.com<\/li><li class=\"li1\"><b>Tel\u00e9fono de contacto<\/b>: +34 941 322 263<\/li><\/ul><p class=\"p1\"><b>2. USO DEL SITIO WEB<\/b><\/p><p class=\"p1\">El acceso y uso de este sitio web atribuyen al visitante la condici\u00f3n de usuario, lo que implica la aceptaci\u00f3n de todas las condiciones incluidas en este Aviso Legal. El usuario se compromete a utilizar el sitio web conforme a la ley, la moral, el orden p\u00fablico y las buenas costumbres.<\/p><p class=\"p1\"><b>3. PROPIEDAD INTELECTUAL E INDUSTRIAL<\/b><\/p><p class=\"p1\">Todos los derechos de propiedad intelectual e industrial de este sitio web, incluyendo el dise\u00f1o, los textos, im\u00e1genes, logotipos, y cualquier otro contenido o elemento, son titularidad de BODEGAS MIGUEL MERINO S.L. o, en su caso, de terceras personas que han autorizado su uso.<\/p><p class=\"p1\">Queda estrictamente prohibida la reproducci\u00f3n, distribuci\u00f3n, modificaci\u00f3n o cualquier uso no autorizado de los contenidos de este sitio web sin el previo consentimiento expreso de BODEGAS MIGUEL MERINO S.L.<\/p><p class=\"p1\"><b>4. PROTECCI\u00d3N DE DATOS PERSONALES<\/b><\/p><p class=\"p1\">En cumplimiento del Reglamento (UE) 2016\/679 del Parlamento Europeo y del Consejo, de 27 de abril de 2016 (RGPD), BODEGAS MIGUEL MERINO S.L. informa a los usuarios que los datos personales recabados a trav\u00e9s de este sitio web ser\u00e1n tratados de acuerdo con lo establecido en la <b>Pol\u00edtica de Privacidad<\/b>, disponible en este mismo sitio web.<\/p><p class=\"p1\">Los usuarios podr\u00e1n ejercer sus derechos de acceso, rectificaci\u00f3n, cancelaci\u00f3n y oposici\u00f3n al tratamiento de sus datos dirigi\u00e9ndose por escrito a BODEGAS MIGUEL MERINO S.L. a la direcci\u00f3n indicada anteriormente o enviando un correo electr\u00f3nico a <b>info@miguelmerino.com<\/b>.<\/p><p class=\"p1\"><b>5. USO DE COOKIES<\/b><\/p><p class=\"p1\">Este sitio web utiliza cookies propias y de terceros para optimizar la experiencia del usuario. Al acceder y navegar por la web, el usuario acepta el uso de cookies conforme a nuestra <b>Pol\u00edtica de Cookies<\/b>, disponible para consulta en este sitio web.<\/p><p class=\"p1\"><b>6. EXCLUSI\u00d3N DE GARANT\u00cdAS Y RESPONSABILIDAD<\/b><\/p><p class=\"p1\">BODEGAS MIGUEL MERINO S.L. no se responsabiliza de los da\u00f1os y perjuicios de cualquier naturaleza que pudieran ocasionarse por la falta de disponibilidad, mantenimiento y efectivo funcionamiento del sitio web o de sus servicios y contenidos.<\/p><p class=\"p1\">Este sitio web puede incluir enlaces a sitios web de terceros. BODEGAS MIGUEL MERINO S.L. no se responsabiliza del contenido, pol\u00edticas de privacidad ni de las pr\u00e1cticas de dichos sitios.<\/p><p class=\"p1\"><b>7. MODIFICACIONES<\/b><\/p><p class=\"p1\">BODEGAS MIGUEL MERINO S.L. se reserva el derecho de realizar sin previo aviso las modificaciones que considere oportunas en su sitio web, pudiendo cambiar, suprimir o a\u00f1adir tanto los contenidos como los servicios que se presten a trav\u00e9s de la misma, as\u00ed como la forma en que \u00e9stos aparezcan presentados o localizados en el sitio web.<\/p><p class=\"p1\"><b>8. LEY APLICABLE Y JURISDICCI\u00d3N<\/b><\/p><p class=\"p1\">La relaci\u00f3n entre BODEGAS MIGUEL MERINO S.L. y el usuario se regir\u00e1 por la normativa espa\u00f1ola vigente, y cualquier controversia se someter\u00e1 a los juzgados y tribunales de la ciudad de <b>Logro\u00f1o<\/b>, salvo que la legislaci\u00f3n aplicable disponga otra cosa.<\/p>\t\t\t\t\t\t\t\t<\/div>\n\t\t\t\t<\/div>\n\t\t\t\t\t<\/div>\n\t\t<\/div>\n\t\t\t\t\t<\/div>\n\t\t<\/section>\n\t\t\t\t<section class=\"elementor-section elementor-top-section elementor-element elementor-element-372453d elementor-section-height-min-height elementor-section-boxed elementor-section-height-default elementor-section-items-middle\" data-id=\"372453d\" data-element_type=\"section\" data-e-type=\"section\" data-settings=\"{&quot;background_background&quot;:&quot;classic&quot;}\">\n\t\t\t\t\t\t<div class=\"elementor-container elementor-column-gap-default\">\n\t\t\t\t\t<div class=\"elementor-column elementor-col-100 elementor-top-column elementor-element elementor-element-7189ec5\" data-id=\"7189ec5\" data-element_type=\"column\" data-e-type=\"column\">\n\t\t\t<div class=\"elementor-widget-wrap elementor-element-populated\">\n\t\t\t\t\t\t<div class=\"elementor-element elementor-element-c750b50 elementor-align-center elementor-widget elementor-widget-button\" data-id=\"c750b50\" data-element_type=\"widget\" data-e-type=\"widget\" data-widget_type=\"button.default\">\n\t\t\t\t<div class=\"elementor-widget-container\">\n\t\t\t\t\t\t\t\t\t<div class=\"elementor-button-wrapper\">\n\t\t\t\t\t<a class=\"elementor-button elementor-button-link elementor-size-sm\" href=\"https:\/\/www.miguelmerino.com\/\">\n\t\t\t\t\t\t<span class=\"elementor-button-content-wrapper\">\n\t\t\t\t\t\t\t\t\t<span class=\"elementor-button-text\">BACK TO HOME PAGE<\/span>\n\t\t\t\t\t<\/span>\n\t\t\t\t\t<\/a>\n\t\t\t\t<\/div>\n\t\t\t\t\t\t\t\t<\/div>\n\t\t\t\t<\/div>\n\t\t\t\t<div class=\"elementor-element elementor-element-a7d25a2 elementor-shape-circle elementor-grid-0 e-grid-align-center elementor-widget elementor-widget-social-icons\" data-id=\"a7d25a2\" data-element_type=\"widget\" data-e-type=\"widget\" data-widget_type=\"social-icons.default\">\n\t\t\t\t<div class=\"elementor-widget-container\">\n\t\t\t\t\t\t\t<div class=\"elementor-social-icons-wrapper elementor-grid\" role=\"list\">\n\t\t\t\t\t\t\t<span class=\"elementor-grid-item\" role=\"listitem\">\n\t\t\t\t\t<a class=\"elementor-icon elementor-social-icon elementor-social-icon-facebook-f elementor-repeater-item-84fdf0d\" href=\"https:\/\/www.facebook.com\/miguelmerinobodega\" target=\"_blank\">\n\t\t\t\t\t\t<span class=\"elementor-screen-only\">Facebook-f<\/span>\n\t\t\t\t\t\t<i aria-hidden=\"true\" class=\"fab fa-facebook-f\"><\/i>\t\t\t\t\t<\/a>\n\t\t\t\t<\/span>\n\t\t\t\t\t\t\t<span class=\"elementor-grid-item\" role=\"listitem\">\n\t\t\t\t\t<a class=\"elementor-icon elementor-social-icon elementor-social-icon-instagram elementor-repeater-item-7a552e6\" href=\"https:\/\/www.instagram.com\/bodegamiguelmerino\" target=\"_blank\">\n\t\t\t\t\t\t<span class=\"elementor-screen-only\">Instagram<\/span>\n\t\t\t\t\t\t<i aria-hidden=\"true\" class=\"fab fa-instagram\"><\/i>\t\t\t\t\t<\/a>\n\t\t\t\t<\/span>\n\t\t\t\t\t\t\t<span class=\"elementor-grid-item\" role=\"listitem\">\n\t\t\t\t\t<a class=\"elementor-icon elementor-social-icon elementor-social-icon-twitter elementor-repeater-item-835519e\" href=\"https:\/\/www.twitter.com\/miguelmerinobod\" target=\"_blank\">\n\t\t\t\t\t\t<span class=\"elementor-screen-only\">Twitter<\/span>\n\t\t\t\t\t\t<i aria-hidden=\"true\" class=\"fab fa-twitter\"><\/i>\t\t\t\t\t<\/a>\n\t\t\t\t<\/span>\n\t\t\t\t\t<\/div>\n\t\t\t\t\t\t<\/div>\n\t\t\t\t<\/div>\n\t\t\t\t\t<\/div>\n\t\t<\/div>\n\t\t\t\t\t<\/div>\n\t\t<\/section>\n\t\t\t\t<\/div>","protected":false},"excerpt":{"rendered":"<p>Aviso legal 1. DATOS IDENTIFICATIVOS En cumplimiento de lo establecido en el art\u00edculo 10 de la Ley 34\/2002, de 11 de julio, de Servicios de la Sociedad de la Informaci\u00f3n y del Comercio Electr\u00f3nico (LSSICE), se pone en conocimiento de los usuarios de esta web los siguientes datos: Titular: BODEGAS MIGUEL MERINO S.L. CIF: B26199513 &#8230; <a title=\"Aviso legal\" class=\"read-more\" href=\"https:\/\/www.miguelmerino.com\/eng\/aviso-legal\/\" aria-label=\"Read more about Aviso legal\">Read more<\/a><\/p>","protected":false},"author":1,"featured_media":0,"parent":0,"menu_order":0,"comment_status":"closed","ping_status":"closed","template":"","meta":{"footnotes":""},"class_list":["post-2686","page","type-page","status-publish"],"yoast_head":"<!-- This site is optimized with the Yoast SEO plugin v27.0 - https:\/\/yoast.com\/product\/yoast-seo-wordpress\/ -->\n<title>Aviso legal - Miguel Merino<\/title>\n<meta name=\"description\" content=\"BODEGA MIGUEL MERINO VISITA VINO RIOJA BRIONES RESERVA\" \/>\n<meta name=\"robots\" content=\"index, follow, max-snippet:-1, max-image-preview:large, max-video-preview:-1\" \/>\n<link rel=\"canonical\" href=\"https:\/\/www.miguelmerino.com\/eng\/aviso-legal\/\" \/>\n<meta property=\"og:locale\" content=\"en_GB\" \/>\n<meta property=\"og:type\" content=\"article\" \/>\n<meta property=\"og:title\" content=\"Aviso legal - Miguel Merino\" \/>\n<meta property=\"og:description\" content=\"BODEGA MIGUEL MERINO VISITA VINO RIOJA BRIONES RESERVA\" \/>\n<meta property=\"og:url\" content=\"https:\/\/www.miguelmerino.com\/eng\/aviso-legal\/\" \/>\n<meta property=\"og:site_name\" content=\"Miguel Merino\" \/>\n<meta property=\"article:publisher\" content=\"https:\/\/www.facebook.com\/miguelmerinobodega\" \/>\n<meta property=\"article:modified_time\" content=\"2025-01-30T15:25:04+00:00\" \/>\n<meta name=\"twitter:card\" content=\"summary_large_image\" \/>\n<meta name=\"twitter:site\" content=\"@miguelmerinobod\" \/>\n<meta name=\"twitter:label1\" content=\"Est. reading time\" \/>\n\t<meta name=\"twitter:data1\" content=\"3 minutes\" \/>\n<script type=\"application\/ld+json\" class=\"yoast-schema-graph\">{\"@context\":\"https:\/\/schema.org\",\"@graph\":[{\"@type\":\"WebPage\",\"@id\":\"https:\/\/www.miguelmerino.com\/aviso-legal\/\",\"url\":\"https:\/\/www.miguelmerino.com\/aviso-legal\/\",\"name\":\"Aviso legal - Miguel Merino\",\"isPartOf\":{\"@id\":\"https:\/\/www.miguelmerino.com\/#website\"},\"datePublished\":\"2025-01-19T10:50:13+00:00\",\"dateModified\":\"2025-01-30T15:25:04+00:00\",\"description\":\"BODEGA MIGUEL MERINO VISITA VINO RIOJA BRIONES RESERVA\",\"breadcrumb\":{\"@id\":\"https:\/\/www.miguelmerino.com\/aviso-legal\/#breadcrumb\"},\"inLanguage\":\"en-GB\",\"potentialAction\":[{\"@type\":\"ReadAction\",\"target\":[\"https:\/\/www.miguelmerino.com\/aviso-legal\/\"]}]},{\"@type\":\"BreadcrumbList\",\"@id\":\"https:\/\/www.miguelmerino.com\/aviso-legal\/#breadcrumb\",\"itemListElement\":[{\"@type\":\"ListItem\",\"position\":1,\"name\":\"Portada\",\"item\":\"https:\/\/www.miguelmerino.com\/\"},{\"@type\":\"ListItem\",\"position\":2,\"name\":\"Aviso legal\"}]},{\"@type\":\"WebSite\",\"@id\":\"https:\/\/www.miguelmerino.com\/#website\",\"url\":\"https:\/\/www.miguelmerino.com\/\",\"name\":\"Bodega Miguel Merino\",\"description\":\"Bodega en Rioja\",\"publisher\":{\"@id\":\"https:\/\/www.miguelmerino.com\/#organization\"},\"potentialAction\":[{\"@type\":\"SearchAction\",\"target\":{\"@type\":\"EntryPoint\",\"urlTemplate\":\"https:\/\/www.miguelmerino.com\/?s={search_term_string}\"},\"query-input\":{\"@type\":\"PropertyValueSpecification\",\"valueRequired\":true,\"valueName\":\"search_term_string\"}}],\"inLanguage\":\"en-GB\"},{\"@type\":\"Organization\",\"@id\":\"https:\/\/www.miguelmerino.com\/#organization\",\"name\":\"Bodega Miguel Merino\",\"url\":\"https:\/\/www.miguelmerino.com\/\",\"logo\":{\"@type\":\"ImageObject\",\"inLanguage\":\"en-GB\",\"@id\":\"https:\/\/www.miguelmerino.com\/#\/schema\/logo\/image\/\",\"url\":\"https:\/\/www.miguelmerino.com\/wp-content\/uploads\/2023\/03\/cropped-logo-rojo-300x45-1.png\",\"contentUrl\":\"https:\/\/www.miguelmerino.com\/wp-content\/uploads\/2023\/03\/cropped-logo-rojo-300x45-1.png\",\"width\":300,\"height\":45,\"caption\":\"Bodega Miguel Merino\"},\"image\":{\"@id\":\"https:\/\/www.miguelmerino.com\/#\/schema\/logo\/image\/\"},\"sameAs\":[\"https:\/\/www.facebook.com\/miguelmerinobodega\",\"https:\/\/x.com\/miguelmerinobod\",\"https:\/\/www.instagram.com\/bodegamiguelmerino\/\"]}]}<\/script>\n<!-- \/ Yoast SEO plugin. -->","yoast_head_json":{"title":"Aviso legal - Miguel Merino","description":"BODEGA MIGUEL MERINO VISITA VINO RIOJA BRIONES RESERVA","robots":{"index":"index","follow":"follow","max-snippet":"max-snippet:-1","max-image-preview":"max-image-preview:large","max-video-preview":"max-video-preview:-1"},"canonical":"https:\/\/www.miguelmerino.com\/eng\/aviso-legal\/","og_locale":"en_GB","og_type":"article","og_title":"Aviso legal - Miguel Merino","og_description":"BODEGA MIGUEL MERINO VISITA VINO RIOJA BRIONES RESERVA","og_url":"https:\/\/www.miguelmerino.com\/eng\/aviso-legal\/","og_site_name":"Miguel Merino","article_publisher":"https:\/\/www.facebook.com\/miguelmerinobodega","article_modified_time":"2025-01-30T15:25:04+00:00","twitter_card":"summary_large_image","twitter_site":"@miguelmerinobod","twitter_misc":{"Est. reading time":"3 minutes"},"schema":{"@context":"https:\/\/schema.org","@graph":[{"@type":"WebPage","@id":"https:\/\/www.miguelmerino.com\/aviso-legal\/","url":"https:\/\/www.miguelmerino.com\/aviso-legal\/","name":"Aviso legal - Miguel Merino","isPartOf":{"@id":"https:\/\/www.miguelmerino.com\/#website"},"datePublished":"2025-01-19T10:50:13+00:00","dateModified":"2025-01-30T15:25:04+00:00","description":"BODEGA MIGUEL MERINO VISITA VINO RIOJA BRIONES RESERVA","breadcrumb":{"@id":"https:\/\/www.miguelmerino.com\/aviso-legal\/#breadcrumb"},"inLanguage":"en-GB","potentialAction":[{"@type":"ReadAction","target":["https:\/\/www.miguelmerino.com\/aviso-legal\/"]}]},{"@type":"BreadcrumbList","@id":"https:\/\/www.miguelmerino.com\/aviso-legal\/#breadcrumb","itemListElement":[{"@type":"ListItem","position":1,"name":"Portada","item":"https:\/\/www.miguelmerino.com\/"},{"@type":"ListItem","position":2,"name":"Aviso legal"}]},{"@type":"WebSite","@id":"https:\/\/www.miguelmerino.com\/#website","url":"https:\/\/www.miguelmerino.com\/","name":"Bodega Miguel Merino","description":"Bodega en Rioja","publisher":{"@id":"https:\/\/www.miguelmerino.com\/#organization"},"potentialAction":[{"@type":"SearchAction","target":{"@type":"EntryPoint","urlTemplate":"https:\/\/www.miguelmerino.com\/?s={search_term_string}"},"query-input":{"@type":"PropertyValueSpecification","valueRequired":true,"valueName":"search_term_string"}}],"inLanguage":"en-GB"},{"@type":"Organization","@id":"https:\/\/www.miguelmerino.com\/#organization","name":"Bodega Miguel Merino","url":"https:\/\/www.miguelmerino.com\/","logo":{"@type":"ImageObject","inLanguage":"en-GB","@id":"https:\/\/www.miguelmerino.com\/#\/schema\/logo\/image\/","url":"https:\/\/www.miguelmerino.com\/wp-content\/uploads\/2023\/03\/cropped-logo-rojo-300x45-1.png","contentUrl":"https:\/\/www.miguelmerino.com\/wp-content\/uploads\/2023\/03\/cropped-logo-rojo-300x45-1.png","width":300,"height":45,"caption":"Bodega Miguel Merino"},"image":{"@id":"https:\/\/www.miguelmerino.com\/#\/schema\/logo\/image\/"},"sameAs":["https:\/\/www.facebook.com\/miguelmerinobodega","https:\/\/x.com\/miguelmerinobod","https:\/\/www.instagram.com\/bodegamiguelmerino\/"]}]}},"_links":{"self":[{"href":"https:\/\/www.miguelmerino.com\/eng\/wp-json\/wp\/v2\/pages\/2686","targetHints":{"allow":["GET"]}}],"collection":[{"href":"https:\/\/www.miguelmerino.com\/eng\/wp-json\/wp\/v2\/pages"}],"about":[{"href":"https:\/\/www.miguelmerino.com\/eng\/wp-json\/wp\/v2\/types\/page"}],"author":[{"embeddable":true,"href":"https:\/\/www.miguelmerino.com\/eng\/wp-json\/wp\/v2\/users\/1"}],"replies":[{"embeddable":true,"href":"https:\/\/www.miguelmerino.com\/eng\/wp-json\/wp\/v2\/comments?post=2686"}],"version-history":[{"count":9,"href":"https:\/\/www.miguelmerino.com\/eng\/wp-json\/wp\/v2\/pages\/2686\/revisions"}],"predecessor-version":[{"id":2710,"href":"https:\/\/www.miguelmerino.com\/eng\/wp-json\/wp\/v2\/pages\/2686\/revisions\/2710"}],"wp:attachment":[{"href":"https:\/\/www.miguelmerino.com\/eng\/wp-json\/wp\/v2\/media?parent=2686"}],"curies":[{"name":"wp","href":"https:\/\/api.w.org\/{rel}","templated":true}]}}