{"id":2682,"date":"2025-01-19T10:48:05","date_gmt":"2025-01-19T10:48:05","guid":{"rendered":"https:\/\/www.miguelmerino.com\/?page_id=2682"},"modified":"2025-01-30T15:24:39","modified_gmt":"2025-01-30T15:24:39","slug":"proteccion-de-datos-y-uso-de-cookies","status":"publish","type":"page","link":"https:\/\/www.miguelmerino.com\/eng\/proteccion-de-datos-y-uso-de-cookies\/","title":{"rendered":"Protecci\u00f3n de Datos y uso de Cookies"},"content":{"rendered":"<div data-elementor-type=\"wp-page\" data-elementor-id=\"2682\" class=\"elementor elementor-2682\" data-elementor-post-type=\"page\">\n\t\t\t\t\t\t<section class=\"elementor-section elementor-top-section elementor-element elementor-element-8a24b3a elementor-section-boxed elementor-section-height-default elementor-section-height-default\" data-id=\"8a24b3a\" data-element_type=\"section\" data-e-type=\"section\">\n\t\t\t\t\t\t<div class=\"elementor-container elementor-column-gap-default\">\n\t\t\t\t\t<div class=\"elementor-column elementor-col-100 elementor-top-column elementor-element elementor-element-584f023\" data-id=\"584f023\" data-element_type=\"column\" data-e-type=\"column\">\n\t\t\t<div class=\"elementor-widget-wrap elementor-element-populated\">\n\t\t\t\t\t\t<div class=\"elementor-element elementor-element-b2c224a elementor-widget elementor-widget-heading\" data-id=\"b2c224a\" data-element_type=\"widget\" data-e-type=\"widget\" data-widget_type=\"heading.default\">\n\t\t\t\t<div class=\"elementor-widget-container\">\n\t\t\t\t\t<h2 class=\"elementor-heading-title elementor-size-default\">Protecci\u00f3n de datos y uso de Cookies<\/h2>\t\t\t\t<\/div>\n\t\t\t\t<\/div>\n\t\t\t\t\t<\/div>\n\t\t<\/div>\n\t\t\t\t\t<\/div>\n\t\t<\/section>\n\t\t\t\t<section class=\"elementor-section elementor-top-section elementor-element elementor-element-4928e1a elementor-section-height-min-height elementor-section-boxed elementor-section-height-default elementor-section-items-middle\" data-id=\"4928e1a\" data-element_type=\"section\" data-e-type=\"section\">\n\t\t\t\t\t\t<div class=\"elementor-container elementor-column-gap-default\">\n\t\t\t\t\t<div class=\"elementor-column elementor-col-100 elementor-top-column elementor-element elementor-element-6460e36\" data-id=\"6460e36\" data-element_type=\"column\" data-e-type=\"column\">\n\t\t\t<div class=\"elementor-widget-wrap elementor-element-populated\">\n\t\t\t\t\t\t<div class=\"elementor-element elementor-element-3e37cf1 elementor-widget elementor-widget-text-editor\" data-id=\"3e37cf1\" data-element_type=\"widget\" data-e-type=\"widget\" data-widget_type=\"text-editor.default\">\n\t\t\t\t<div class=\"elementor-widget-container\">\n\t\t\t\t\t\t\t\t\t<p class=\"p1\">En cumplimiento con lo dispuesto en el Reglamento General de Protecci\u00f3n de Datos (RGPD) y la Ley Org\u00e1nica de Protecci\u00f3n de Datos Personales y garant\u00eda de los derechos digitales (LOPDGDD), Bodegas Miguel Merino S.L. desea informar a los usuarios de su sitio web sobre la pol\u00edtica de protecci\u00f3n de datos y el uso de cookies.<\/p><ol class=\"ol1\"><li class=\"li1\">Datos de navegaci\u00f3n: Este sitio web recopila datos de navegaci\u00f3n de manera autom\u00e1tica a trav\u00e9s del uso de cookies y tecnolog\u00edas similares. Estos datos incluyen la direcci\u00f3n IP del usuario, el tipo de navegador, el idioma, el tiempo de visita y las p\u00e1ginas visitadas. Estos datos se recopilan de forma an\u00f3nima y se utilizan con fines estad\u00edsticos y de mejora de la experiencia del usuario en el sitio web.<\/li><\/ol><ol class=\"ol1\"><li class=\"li1\">Uso de cookies: Las cookies son peque\u00f1os archivos de texto que se almacenan en el dispositivo del usuario cuando visita un sitio web. Este sitio web utiliza cookies propias y de terceros con el fin de mejorar la navegaci\u00f3n, personalizar el contenido y ofrecer funcionalidades adicionales. El usuario puede configurar su navegador para que le notifique la recepci\u00f3n de cookies y pueda aceptarlas o rechazarlas seg\u00fan sus preferencias. Sin embargo, es importante tener en cuenta que la desactivaci\u00f3n de ciertas cookies puede afectar la funcionalidad del sitio web.<\/li><li class=\"li1\">Enlaces a sitios de terceros: Este sitio web puede contener enlaces a sitios de terceros, cuyas pol\u00edticas de privacidad y protecci\u00f3n de datos son independientes de las de Bodegas Miguel Merino S.L. Por lo tanto, no nos hacemos responsables del contenido o las pr\u00e1cticas de privacidad de estos sitios web. Se recomienda a los usuarios revisar las pol\u00edticas de privacidad de dichos sitios antes de proporcionar cualquier informaci\u00f3n personal.<\/li><li class=\"li1\">Derechos del usuario: Los usuarios tienen derecho a acceder, rectificar, cancelar y oponerse al tratamiento de sus datos personales, as\u00ed como a solicitar la limitaci\u00f3n del mismo y la portabilidad de sus datos, en los t\u00e9rminos establecidos por la normativa vigente. Para ejercer estos derechos o realizar cualquier consulta relacionada con la protecci\u00f3n de datos, los usuarios pueden ponerse en contacto con nosotros a trav\u00e9s de los datos de contacto proporcionados en el Aviso legal.<\/li><\/ol><p class=\"p1\">Al utilizar este sitio web, el usuario acepta la pol\u00edtica de protecci\u00f3n de datos y el uso de cookies descritos anteriormente.<\/p>\t\t\t\t\t\t\t\t<\/div>\n\t\t\t\t<\/div>\n\t\t\t\t\t<\/div>\n\t\t<\/div>\n\t\t\t\t\t<\/div>\n\t\t<\/section>\n\t\t\t\t<section class=\"elementor-section elementor-top-section elementor-element elementor-element-48ef8d8 elementor-section-height-min-height elementor-section-boxed elementor-section-height-default elementor-section-items-middle\" data-id=\"48ef8d8\" data-element_type=\"section\" data-e-type=\"section\" data-settings=\"{&quot;background_background&quot;:&quot;classic&quot;}\">\n\t\t\t\t\t\t<div class=\"elementor-container elementor-column-gap-default\">\n\t\t\t\t\t<div class=\"elementor-column elementor-col-100 elementor-top-column elementor-element elementor-element-5b6da18\" data-id=\"5b6da18\" data-element_type=\"column\" data-e-type=\"column\">\n\t\t\t<div class=\"elementor-widget-wrap elementor-element-populated\">\n\t\t\t\t\t\t<div class=\"elementor-element elementor-element-f974b5d elementor-align-center elementor-widget elementor-widget-button\" data-id=\"f974b5d\" data-element_type=\"widget\" data-e-type=\"widget\" data-widget_type=\"button.default\">\n\t\t\t\t<div class=\"elementor-widget-container\">\n\t\t\t\t\t\t\t\t\t<div class=\"elementor-button-wrapper\">\n\t\t\t\t\t<a class=\"elementor-button elementor-button-link elementor-size-sm\" href=\"https:\/\/www.miguelmerino.com\/\">\n\t\t\t\t\t\t<span class=\"elementor-button-content-wrapper\">\n\t\t\t\t\t\t\t\t\t<span class=\"elementor-button-text\">BACK TO HOME PAGE<\/span>\n\t\t\t\t\t<\/span>\n\t\t\t\t\t<\/a>\n\t\t\t\t<\/div>\n\t\t\t\t\t\t\t\t<\/div>\n\t\t\t\t<\/div>\n\t\t\t\t<div class=\"elementor-element elementor-element-43c581c elementor-shape-circle elementor-grid-0 e-grid-align-center elementor-widget elementor-widget-social-icons\" data-id=\"43c581c\" data-element_type=\"widget\" data-e-type=\"widget\" data-widget_type=\"social-icons.default\">\n\t\t\t\t<div class=\"elementor-widget-container\">\n\t\t\t\t\t\t\t<div class=\"elementor-social-icons-wrapper elementor-grid\" role=\"list\">\n\t\t\t\t\t\t\t<span class=\"elementor-grid-item\" role=\"listitem\">\n\t\t\t\t\t<a class=\"elementor-icon elementor-social-icon elementor-social-icon-facebook-f elementor-repeater-item-84fdf0d\" href=\"https:\/\/www.facebook.com\/miguelmerinobodega\" target=\"_blank\">\n\t\t\t\t\t\t<span class=\"elementor-screen-only\">Facebook-f<\/span>\n\t\t\t\t\t\t<i aria-hidden=\"true\" class=\"fab fa-facebook-f\"><\/i>\t\t\t\t\t<\/a>\n\t\t\t\t<\/span>\n\t\t\t\t\t\t\t<span class=\"elementor-grid-item\" role=\"listitem\">\n\t\t\t\t\t<a class=\"elementor-icon elementor-social-icon elementor-social-icon-instagram elementor-repeater-item-7a552e6\" href=\"https:\/\/www.instagram.com\/bodegamiguelmerino\" target=\"_blank\">\n\t\t\t\t\t\t<span class=\"elementor-screen-only\">Instagram<\/span>\n\t\t\t\t\t\t<i aria-hidden=\"true\" class=\"fab fa-instagram\"><\/i>\t\t\t\t\t<\/a>\n\t\t\t\t<\/span>\n\t\t\t\t\t\t\t<span class=\"elementor-grid-item\" role=\"listitem\">\n\t\t\t\t\t<a class=\"elementor-icon elementor-social-icon elementor-social-icon-twitter elementor-repeater-item-835519e\" href=\"https:\/\/www.twitter.com\/miguelmerinobod\" target=\"_blank\">\n\t\t\t\t\t\t<span class=\"elementor-screen-only\">Twitter<\/span>\n\t\t\t\t\t\t<i aria-hidden=\"true\" class=\"fab fa-twitter\"><\/i>\t\t\t\t\t<\/a>\n\t\t\t\t<\/span>\n\t\t\t\t\t<\/div>\n\t\t\t\t\t\t<\/div>\n\t\t\t\t<\/div>\n\t\t\t\t\t<\/div>\n\t\t<\/div>\n\t\t\t\t\t<\/div>\n\t\t<\/section>\n\t\t\t\t<\/div>","protected":false},"excerpt":{"rendered":"<p>Protecci\u00f3n de datos y uso de Cookies En cumplimiento con lo dispuesto en el Reglamento General de Protecci\u00f3n de Datos (RGPD) y la Ley Org\u00e1nica de Protecci\u00f3n de Datos Personales y garant\u00eda de los derechos digitales (LOPDGDD), Bodegas Miguel Merino S.L. desea informar a los usuarios de su sitio web sobre la pol\u00edtica de protecci\u00f3n &#8230; <a title=\"Protecci\u00f3n de Datos y uso de Cookies\" class=\"read-more\" href=\"https:\/\/www.miguelmerino.com\/eng\/proteccion-de-datos-y-uso-de-cookies\/\" aria-label=\"Read more about Protecci\u00f3n de Datos y uso de Cookies\">Read more<\/a><\/p>","protected":false},"author":1,"featured_media":0,"parent":0,"menu_order":0,"comment_status":"closed","ping_status":"closed","template":"","meta":{"footnotes":""},"class_list":["post-2682","page","type-page","status-publish"],"yoast_head":"<!-- This site is optimized with the Yoast SEO plugin v27.0 - https:\/\/yoast.com\/product\/yoast-seo-wordpress\/ -->\n<title>Protecci\u00f3n de Datos y uso de Cookies - Miguel Merino<\/title>\n<meta name=\"description\" content=\"BODEGA MIGUEL MERINO VISITA VINO RIOJA BRIONES RESERVA\" \/>\n<meta name=\"robots\" content=\"index, follow, max-snippet:-1, max-image-preview:large, max-video-preview:-1\" \/>\n<link rel=\"canonical\" href=\"https:\/\/www.miguelmerino.com\/eng\/proteccion-de-datos-y-uso-de-cookies\/\" \/>\n<meta property=\"og:locale\" content=\"en_GB\" \/>\n<meta property=\"og:type\" content=\"article\" \/>\n<meta property=\"og:title\" content=\"Protecci\u00f3n de Datos y uso de Cookies - Miguel Merino\" \/>\n<meta property=\"og:description\" content=\"BODEGA MIGUEL MERINO VISITA VINO RIOJA BRIONES RESERVA\" \/>\n<meta property=\"og:url\" content=\"https:\/\/www.miguelmerino.com\/eng\/proteccion-de-datos-y-uso-de-cookies\/\" \/>\n<meta property=\"og:site_name\" content=\"Miguel Merino\" \/>\n<meta property=\"article:publisher\" content=\"https:\/\/www.facebook.com\/miguelmerinobodega\" \/>\n<meta property=\"article:modified_time\" content=\"2025-01-30T15:24:39+00:00\" \/>\n<meta name=\"twitter:card\" content=\"summary_large_image\" \/>\n<meta name=\"twitter:site\" content=\"@miguelmerinobod\" \/>\n<meta name=\"twitter:label1\" content=\"Est. reading time\" \/>\n\t<meta name=\"twitter:data1\" content=\"2 minutes\" \/>\n<script type=\"application\/ld+json\" class=\"yoast-schema-graph\">{\"@context\":\"https:\/\/schema.org\",\"@graph\":[{\"@type\":\"WebPage\",\"@id\":\"https:\/\/www.miguelmerino.com\/proteccion-de-datos-y-uso-de-cookies\/\",\"url\":\"https:\/\/www.miguelmerino.com\/proteccion-de-datos-y-uso-de-cookies\/\",\"name\":\"Protecci\u00f3n de Datos y uso de Cookies - Miguel Merino\",\"isPartOf\":{\"@id\":\"https:\/\/www.miguelmerino.com\/#website\"},\"datePublished\":\"2025-01-19T10:48:05+00:00\",\"dateModified\":\"2025-01-30T15:24:39+00:00\",\"description\":\"BODEGA MIGUEL MERINO VISITA VINO RIOJA BRIONES RESERVA\",\"breadcrumb\":{\"@id\":\"https:\/\/www.miguelmerino.com\/proteccion-de-datos-y-uso-de-cookies\/#breadcrumb\"},\"inLanguage\":\"en-GB\",\"potentialAction\":[{\"@type\":\"ReadAction\",\"target\":[\"https:\/\/www.miguelmerino.com\/proteccion-de-datos-y-uso-de-cookies\/\"]}]},{\"@type\":\"BreadcrumbList\",\"@id\":\"https:\/\/www.miguelmerino.com\/proteccion-de-datos-y-uso-de-cookies\/#breadcrumb\",\"itemListElement\":[{\"@type\":\"ListItem\",\"position\":1,\"name\":\"Portada\",\"item\":\"https:\/\/www.miguelmerino.com\/\"},{\"@type\":\"ListItem\",\"position\":2,\"name\":\"Protecci\u00f3n de Datos y uso de Cookies\"}]},{\"@type\":\"WebSite\",\"@id\":\"https:\/\/www.miguelmerino.com\/#website\",\"url\":\"https:\/\/www.miguelmerino.com\/\",\"name\":\"Bodega Miguel Merino\",\"description\":\"Bodega en Rioja\",\"publisher\":{\"@id\":\"https:\/\/www.miguelmerino.com\/#organization\"},\"potentialAction\":[{\"@type\":\"SearchAction\",\"target\":{\"@type\":\"EntryPoint\",\"urlTemplate\":\"https:\/\/www.miguelmerino.com\/?s={search_term_string}\"},\"query-input\":{\"@type\":\"PropertyValueSpecification\",\"valueRequired\":true,\"valueName\":\"search_term_string\"}}],\"inLanguage\":\"en-GB\"},{\"@type\":\"Organization\",\"@id\":\"https:\/\/www.miguelmerino.com\/#organization\",\"name\":\"Bodega Miguel Merino\",\"url\":\"https:\/\/www.miguelmerino.com\/\",\"logo\":{\"@type\":\"ImageObject\",\"inLanguage\":\"en-GB\",\"@id\":\"https:\/\/www.miguelmerino.com\/#\/schema\/logo\/image\/\",\"url\":\"https:\/\/www.miguelmerino.com\/wp-content\/uploads\/2023\/03\/cropped-logo-rojo-300x45-1.png\",\"contentUrl\":\"https:\/\/www.miguelmerino.com\/wp-content\/uploads\/2023\/03\/cropped-logo-rojo-300x45-1.png\",\"width\":300,\"height\":45,\"caption\":\"Bodega Miguel Merino\"},\"image\":{\"@id\":\"https:\/\/www.miguelmerino.com\/#\/schema\/logo\/image\/\"},\"sameAs\":[\"https:\/\/www.facebook.com\/miguelmerinobodega\",\"https:\/\/x.com\/miguelmerinobod\",\"https:\/\/www.instagram.com\/bodegamiguelmerino\/\"]}]}<\/script>\n<!-- \/ Yoast SEO plugin. -->","yoast_head_json":{"title":"Protecci\u00f3n de Datos y uso de Cookies - Miguel Merino","description":"BODEGA MIGUEL MERINO VISITA VINO RIOJA BRIONES RESERVA","robots":{"index":"index","follow":"follow","max-snippet":"max-snippet:-1","max-image-preview":"max-image-preview:large","max-video-preview":"max-video-preview:-1"},"canonical":"https:\/\/www.miguelmerino.com\/eng\/proteccion-de-datos-y-uso-de-cookies\/","og_locale":"en_GB","og_type":"article","og_title":"Protecci\u00f3n de Datos y uso de Cookies - Miguel Merino","og_description":"BODEGA MIGUEL MERINO VISITA VINO RIOJA BRIONES RESERVA","og_url":"https:\/\/www.miguelmerino.com\/eng\/proteccion-de-datos-y-uso-de-cookies\/","og_site_name":"Miguel Merino","article_publisher":"https:\/\/www.facebook.com\/miguelmerinobodega","article_modified_time":"2025-01-30T15:24:39+00:00","twitter_card":"summary_large_image","twitter_site":"@miguelmerinobod","twitter_misc":{"Est. reading time":"2 minutes"},"schema":{"@context":"https:\/\/schema.org","@graph":[{"@type":"WebPage","@id":"https:\/\/www.miguelmerino.com\/proteccion-de-datos-y-uso-de-cookies\/","url":"https:\/\/www.miguelmerino.com\/proteccion-de-datos-y-uso-de-cookies\/","name":"Protecci\u00f3n de Datos y uso de Cookies - Miguel Merino","isPartOf":{"@id":"https:\/\/www.miguelmerino.com\/#website"},"datePublished":"2025-01-19T10:48:05+00:00","dateModified":"2025-01-30T15:24:39+00:00","description":"BODEGA MIGUEL MERINO VISITA VINO RIOJA BRIONES RESERVA","breadcrumb":{"@id":"https:\/\/www.miguelmerino.com\/proteccion-de-datos-y-uso-de-cookies\/#breadcrumb"},"inLanguage":"en-GB","potentialAction":[{"@type":"ReadAction","target":["https:\/\/www.miguelmerino.com\/proteccion-de-datos-y-uso-de-cookies\/"]}]},{"@type":"BreadcrumbList","@id":"https:\/\/www.miguelmerino.com\/proteccion-de-datos-y-uso-de-cookies\/#breadcrumb","itemListElement":[{"@type":"ListItem","position":1,"name":"Portada","item":"https:\/\/www.miguelmerino.com\/"},{"@type":"ListItem","position":2,"name":"Protecci\u00f3n de Datos y uso de Cookies"}]},{"@type":"WebSite","@id":"https:\/\/www.miguelmerino.com\/#website","url":"https:\/\/www.miguelmerino.com\/","name":"Bodega Miguel Merino","description":"Bodega en Rioja","publisher":{"@id":"https:\/\/www.miguelmerino.com\/#organization"},"potentialAction":[{"@type":"SearchAction","target":{"@type":"EntryPoint","urlTemplate":"https:\/\/www.miguelmerino.com\/?s={search_term_string}"},"query-input":{"@type":"PropertyValueSpecification","valueRequired":true,"valueName":"search_term_string"}}],"inLanguage":"en-GB"},{"@type":"Organization","@id":"https:\/\/www.miguelmerino.com\/#organization","name":"Bodega Miguel Merino","url":"https:\/\/www.miguelmerino.com\/","logo":{"@type":"ImageObject","inLanguage":"en-GB","@id":"https:\/\/www.miguelmerino.com\/#\/schema\/logo\/image\/","url":"https:\/\/www.miguelmerino.com\/wp-content\/uploads\/2023\/03\/cropped-logo-rojo-300x45-1.png","contentUrl":"https:\/\/www.miguelmerino.com\/wp-content\/uploads\/2023\/03\/cropped-logo-rojo-300x45-1.png","width":300,"height":45,"caption":"Bodega Miguel Merino"},"image":{"@id":"https:\/\/www.miguelmerino.com\/#\/schema\/logo\/image\/"},"sameAs":["https:\/\/www.facebook.com\/miguelmerinobodega","https:\/\/x.com\/miguelmerinobod","https:\/\/www.instagram.com\/bodegamiguelmerino\/"]}]}},"_links":{"self":[{"href":"https:\/\/www.miguelmerino.com\/eng\/wp-json\/wp\/v2\/pages\/2682","targetHints":{"allow":["GET"]}}],"collection":[{"href":"https:\/\/www.miguelmerino.com\/eng\/wp-json\/wp\/v2\/pages"}],"about":[{"href":"https:\/\/www.miguelmerino.com\/eng\/wp-json\/wp\/v2\/types\/page"}],"author":[{"embeddable":true,"href":"https:\/\/www.miguelmerino.com\/eng\/wp-json\/wp\/v2\/users\/1"}],"replies":[{"embeddable":true,"href":"https:\/\/www.miguelmerino.com\/eng\/wp-json\/wp\/v2\/comments?post=2682"}],"version-history":[{"count":9,"href":"https:\/\/www.miguelmerino.com\/eng\/wp-json\/wp\/v2\/pages\/2682\/revisions"}],"predecessor-version":[{"id":2707,"href":"https:\/\/www.miguelmerino.com\/eng\/wp-json\/wp\/v2\/pages\/2682\/revisions\/2707"}],"wp:attachment":[{"href":"https:\/\/www.miguelmerino.com\/eng\/wp-json\/wp\/v2\/media?parent=2682"}],"curies":[{"name":"wp","href":"https:\/\/api.w.org\/{rel}","templated":true}]}}